{"id":34,"date":"2018-03-05T18:03:30","date_gmt":"2018-03-05T18:03:30","guid":{"rendered":"http:\/\/www.localexpertstravel.com\/?page_id=34"},"modified":"2023-11-23T05:20:46","modified_gmt":"2023-11-23T05:20:46","slug":"destinos","status":"publish","type":"page","link":"https:\/\/www.localexpertstravel.com\/?page_id=34","title":{"rendered":"Clientes"},"content":{"rendered":"<h5><i>En Local Experts Travel una de nuestra especialidad es brindar servicio a Empresas como Agencia de Viajes dentro de la Compa\u00f1\u00eda para que los colaboradores puedan realizar sus traslados y estad\u00edas de Trabajo sin contratiempo.\u00a0<br \/><\/i><i>Conoce a nuestros clientes:<\/i><\/h5>\n<figure><img decoding=\"async\" src=\"https:\/\/www.localexpertstravel.com\/wp-content\/uploads\/elementor\/thumbs\/Franco-Mex-01-ot0qakw3mhkturhqw98r0thraoxl0udgx6ha2ar5r0.png\" alt=\"Franco Mex-01\" \/><\/figure>\n<figure><img decoding=\"async\" src=\"https:\/\/www.localexpertstravel.com\/wp-content\/uploads\/elementor\/thumbs\/67096818_394588091183343_1525591367294648320_o-ot0sm4rn4byduy4n0dewnqgs7p458a2j2q31rqvcnw.jpg\" alt=\"67096818_394588091183343_1525591367294648320_o\" \/><\/figure>\n<figure><img decoding=\"async\" src=\"https:\/\/www.localexpertstravel.com\/wp-content\/uploads\/elementor\/thumbs\/WhatsApp-Image-2022-12-05-at-22.20.28-pyqxiljue780rgbahr3bfhrwvb506pxpk098uxuzfg.jpeg\" alt=\"WhatsApp Image 2022-12-05 at 22.20.28\" \/><\/figure>\n<figure><img decoding=\"async\" src=\"https:\/\/www.localexpertstravel.com\/wp-content\/uploads\/elementor\/thumbs\/Logo-VF-qfrpkhm7mkzbhxuvu3kbt08x569il4ld0ewnzw3xek.jpg\" alt=\"Logo VF\" \/><\/figure>\n<figure><img decoding=\"async\" src=\"https:\/\/www.localexpertstravel.com\/wp-content\/uploads\/elementor\/thumbs\/hipocampo-ot0qhlqoox6ylvagvsje5jor3cbbjf99jxyw5qc998.jpg\" alt=\"hipocampo\" \/><\/figure>\n<figure><img decoding=\"async\" src=\"https:\/\/www.localexpertstravel.com\/wp-content\/uploads\/elementor\/thumbs\/oceano-azul-ot3nql5xv00yqzkvvlo33erbakw7g99eho8ejodjh8.jpg\" alt=\"oceano azul\" \/><\/figure>\n<p>\t\t\t\t\t\t\t&#8220;En LET nos preocupamos por brindar el mejor servicios a las Empresas para que su equipo de trabajo est\u00e9 en el lugar y hora que se requiere al mejor costo&#8221;<br \/>\n\t\t\t\t\t\t\t<img decoding=\"async\" src=\"http:\/\/www.localexpertstravel.com\/wp-content\/uploads\/2020\/07\/DC.jpg\" alt=\"DC\" \/><br \/>\n\t\t\t\t\t\t\t\t\t\t\t\t\tDiego Hern\u00c1ndez<br \/>\n\t\t\t\t\t\t\t\t\t\t\t\t\tDirector General<\/p>\n<h3>experiencia en tu viaje<br \/>\n<\/h3>\n<p>En LET trabajamos para que la experiencia en el viaje de un equipo de trabajo inicie desde la b\u00fasqueda del hotel, por eso tenemos convenio en m\u00e1s de 8,500 hoteles a nivel mundial para ti.<\/p>\n<p>\t\t<img width=\"128\" height=\"128\" src=\"https:\/\/www.localexpertstravel.com\/wp-content\/uploads\/2018\/08\/1470399671_SEO.png\" alt=\"\" decoding=\"async\" loading=\"lazy\" \/>\t\t<\/p>\n<h3>Reserva desde cualquier lugar <\/h3>\n<p>Entendemos las necesidades de las Empresas que tienen convenio con nosotros, por eso pueden realizar reservaciones desde una computadora, cualquier celular o Ipad los 365 d\u00edas del a\u00f1o, las 24 horas o incluso si lo prefieren contactarnos para un servicio personalizado por correo electr\u00f3nico o por tel\u00e9fono en los horarios establecidos y lo mejor es que nuestro servicio de atenci\u00f3n no tiene NING\u00daN COSTO ADICIONAL al viaje que necesita hacer la Empresa.<\/p>\n<p>\t\t<img width=\"512\" height=\"512\" src=\"https:\/\/www.localexpertstravel.com\/wp-content\/uploads\/2018\/08\/1470399594_Web_Design.png\" alt=\"\" decoding=\"async\" loading=\"lazy\" srcset=\"https:\/\/www.localexpertstravel.com\/wp-content\/uploads\/2018\/08\/1470399594_Web_Design.png 512w, https:\/\/www.localexpertstravel.com\/wp-content\/uploads\/2018\/08\/1470399594_Web_Design-150x150.png 150w, https:\/\/www.localexpertstravel.com\/wp-content\/uploads\/2018\/08\/1470399594_Web_Design-300x300.png 300w\" sizes=\"(max-width: 512px) 100vw, 512px\" \/>\t\t<\/p>\n<h3>CONOCE la forma de reservar con nosotros<\/h3>\n<figure><img decoding=\"async\" src=\"http:\/\/www.localexpertstravel.com\/wp-content\/uploads\/2018\/08\/1470399671_SEO.png\" alt=\"1470399671_SEO.png\" title=\"1470399671_SEO.png\"><\/figure>\n<h3>En nuestra p\u00e1gina web<\/h3>\n<p>En esta p\u00e1gina los empleados de las Empresas con las que tenemos convenio y\/o el personal designado, pueden reservar sin ning\u00fan costo adicional. <\/p>\n<figure><img decoding=\"async\" src=\"http:\/\/www.localexpertstravel.com\/wp-content\/uploads\/2018\/08\/1470399667_Newsletter.png\" alt=\"1470399667_Newsletter.png\" title=\"1470399667_Newsletter.png\"><\/figure>\n<h3>Correo electr\u00f3nico<\/h3>\n<p>Tembi\u00e9n pueden mandarnos un mail a nuestro equipo con la siguiente informaci\u00f3n:<br \/>&#8211; Empresa Convenio<br \/>&#8211; Destino<br \/>&#8211; N\u00famero de pasajeros<br \/>&#8211; D\u00eda de inicio y fin del viaje<br \/>&#8211; Presupuesto u hoteles de preferencia <\/p>\n<p>Y nosotros nos encargaremos de darte las mejores opciones.<\/p>\n<p>ventas@localexpertstravel.com<\/p>\n<figure><img decoding=\"async\" src=\"http:\/\/www.localexpertstravel.com\/wp-content\/uploads\/2018\/08\/1470399715_E-Commerce.png\" alt=\"1470399715_E-Commerce.png\" title=\"1470399715_E-Commerce.png\"><\/figure>\n<h3>Adquiere nuestros Vales de Viajes<\/h3>\n<p>Contamos tambi\u00e9n con Vales de Viajes para que los ocupes cuando quieras o le des a tu ser querido el mejor de los regalos, solic\u00edtalos a tu Asesor. <\/p>\n<figure><img decoding=\"async\" src=\"http:\/\/www.localexpertstravel.com\/wp-content\/uploads\/2018\/08\/1470399674_App_Development.png\" alt=\"1470399674_App_Development.png\" title=\"1470399674_App_Development.png\"><\/figure>\n<h3>L\u00ednea telef\u00f3nica<\/h3>\n<p>Tambi\u00e9n pueden hablarnos para que uno de nuestros Asesores te atienda, con un horario de lunes a domingo de 9 am a 9 pm<\/p>\n","protected":false},"excerpt":{"rendered":"<p>En Local Experts Travel una de nuestra especialidad es brindar servicio a Empresas como Agencia de Viajes dentro de la Compa\u00f1\u00eda para que los colaboradores puedan realizar sus traslados y estad\u00edas de Trabajo sin contratiempo.\u00a0Conoce a nuestros clientes: &#8220;En LET nos preocupamos por brindar el mejor servicios a las Empresas para que su equipo de trabajo est\u00e9 en el lugar [&hellip;]<\/p>\n","protected":false},"author":1,"featured_media":0,"parent":0,"menu_order":0,"comment_status":"closed","ping_status":"closed","template":"","meta":{"footnotes":""},"_links":{"self":[{"href":"https:\/\/www.localexpertstravel.com\/index.php?rest_route=\/wp\/v2\/pages\/34"}],"collection":[{"href":"https:\/\/www.localexpertstravel.com\/index.php?rest_route=\/wp\/v2\/pages"}],"about":[{"href":"https:\/\/www.localexpertstravel.com\/index.php?rest_route=\/wp\/v2\/types\/page"}],"author":[{"embeddable":true,"href":"https:\/\/www.localexpertstravel.com\/index.php?rest_route=\/wp\/v2\/users\/1"}],"replies":[{"embeddable":true,"href":"https:\/\/www.localexpertstravel.com\/index.php?rest_route=%2Fwp%2Fv2%2Fcomments&post=34"}],"version-history":[{"count":51,"href":"https:\/\/www.localexpertstravel.com\/index.php?rest_route=\/wp\/v2\/pages\/34\/revisions"}],"predecessor-version":[{"id":642,"href":"https:\/\/www.localexpertstravel.com\/index.php?rest_route=\/wp\/v2\/pages\/34\/revisions\/642"}],"wp:attachment":[{"href":"https:\/\/www.localexpertstravel.com\/index.php?rest_route=%2Fwp%2Fv2%2Fmedia&parent=34"}],"curies":[{"name":"wp","href":"https:\/\/api.w.org\/{rel}","templated":true}]}}